{"id":11,"date":"2011-12-14T23:39:06","date_gmt":"2011-12-14T23:39:06","guid":{"rendered":"http:\/\/skokreklama.pl\/wordpress\/?page_id=11"},"modified":"2012-01-04T16:16:10","modified_gmt":"2012-01-04T16:16:10","slug":"druk-cyfrowy","status":"publish","type":"page","link":"http:\/\/www.skokreklama.pl\/?page_id=11","title":{"rendered":"Druk cyfrowy"},"content":{"rendered":"<p>Cechuje go przede wszystkim nisko nak\u0142adowo\u015b\u0107 czyli mo\u017cemy wydrukowa\u0107 nawet 1 szt. Niezast\u0105pion\u0105 zalet\u0105 druku cyfrowego jest to, \u017ce mo\u017cna zrealizowa\u0107 zam\u00f3wienie praktycznie od r\u0119ki, zalet\u0105 jest r\u00f3wnie\u017c jako\u015b\u0107 otrzymywanych wydruk\u00f3w, kt\u00f3ra jest znacznie wy\u017csza od wydruk\u00f3w z typowej drukarki domowej lub plotera. Mo\u017cliwe jest drukowanie na wielu r\u00f3\u017cnych pod\u0142o\u017cach oraz szerokim przedziale gramatur. Ogromnym u\u0142atwieniem jest r\u00f3wnie\u017c mo\u017cliwo\u015b\u0107 dostarczenia przez klient\u00f3w materia\u0142\u00f3w do druku w postaci og\u00f3lnodost\u0119pnych plik\u00f3w pakietu office (word, exel) oraz pdf, tif, cdr, jpg, eps.<\/p>\n<p class=\"cennik\"><a href=\"http:\/\/skokreklama.pl\/cenniki\/cennik_druk_cyfrowy_druk_kolorowy_dc_242.pdf\" target=\"_blank\">Zobacz CENNIK \u00bb\u00bb\u00bb<\/a><\/p>\n<p>Druk wizyt\u00f3wek<\/p>\n<p class=\"cennik\"><a href=\"http:\/\/skokreklama.pl\/cenniki\/wizytowki_druk_cyfrowy.pdf\" target=\"_blank\">Zobacz CENNIK \u00bb\u00bb\u00bb<\/a><\/p>\n","protected":false},"excerpt":{"rendered":"<p>Cechuje go przede wszystkim nisko nak\u0142adowo\u015b\u0107 czyli mo\u017cemy wydrukowa\u0107 nawet 1 szt. Niezast\u0105pion\u0105 zalet\u0105 druku cyfrowego jest to, \u017ce mo\u017cna zrealizowa\u0107 zam\u00f3wienie praktycznie od r\u0119ki, zalet\u0105 jest r\u00f3wnie\u017c jako\u015b\u0107 otrzymywanych wydruk\u00f3w, kt\u00f3ra jest znacznie wy\u017csza od wydruk\u00f3w z typowej drukarki &hellip; <a href=\"http:\/\/www.skokreklama.pl\/?page_id=11\">Czytaj dalej <span class=\"meta-nav\">&rarr;<\/span><\/a><\/p>\n","protected":false},"author":2,"featured_media":0,"parent":6,"menu_order":2,"comment_status":"open","ping_status":"open","template":"","meta":[],"_links":{"self":[{"href":"http:\/\/www.skokreklama.pl\/index.php?rest_route=\/wp\/v2\/pages\/11"}],"collection":[{"href":"http:\/\/www.skokreklama.pl\/index.php?rest_route=\/wp\/v2\/pages"}],"about":[{"href":"http:\/\/www.skokreklama.pl\/index.php?rest_route=\/wp\/v2\/types\/page"}],"author":[{"embeddable":true,"href":"http:\/\/www.skokreklama.pl\/index.php?rest_route=\/wp\/v2\/users\/2"}],"replies":[{"embeddable":true,"href":"http:\/\/www.skokreklama.pl\/index.php?rest_route=%2Fwp%2Fv2%2Fcomments&post=11"}],"version-history":[{"count":7,"href":"http:\/\/www.skokreklama.pl\/index.php?rest_route=\/wp\/v2\/pages\/11\/revisions"}],"predecessor-version":[{"id":23,"href":"http:\/\/www.skokreklama.pl\/index.php?rest_route=\/wp\/v2\/pages\/11\/revisions\/23"}],"up":[{"embeddable":true,"href":"http:\/\/www.skokreklama.pl\/index.php?rest_route=\/wp\/v2\/pages\/6"}],"wp:attachment":[{"href":"http:\/\/www.skokreklama.pl\/index.php?rest_route=%2Fwp%2Fv2%2Fmedia&parent=11"}],"curies":[{"name":"wp","href":"https:\/\/api.w.org\/{rel}","templated":true}]}}