{"id":14,"date":"2011-12-14T23:40:49","date_gmt":"2011-12-14T23:40:49","guid":{"rendered":"http:\/\/skokreklama.pl\/wordpress\/?page_id=14"},"modified":"2012-01-04T16:16:37","modified_gmt":"2012-01-04T16:16:37","slug":"nadruki-termotransferowe","status":"publish","type":"page","link":"http:\/\/www.skokreklama.pl\/?page_id=14","title":{"rendered":"Nadruki termotransferowe"},"content":{"rendered":"<p>Technika nadruku polegaj\u0105ca na termicznym wgrzaniu w materia\u0142 wcze\u015bniej przygotowanej grafiki wyci\u0119tej ploterowo ze specjalnej folii flex lub flock.<\/p>\n<p class=\"cennik\"><a href=\"http:\/\/skokreklama.pl\/cenniki\/TERMONADRUKI_Z_FOLII.pdf\" target=\"_blank\">Zobacz CENNIK \u00bb\u00bb\u00bb<\/a><\/p>\n","protected":false},"excerpt":{"rendered":"<p>Technika nadruku polegaj\u0105ca na termicznym wgrzaniu w materia\u0142 wcze\u015bniej przygotowanej grafiki wyci\u0119tej ploterowo ze specjalnej folii flex lub flock. Zobacz CENNIK \u00bb\u00bb\u00bb<\/p>\n","protected":false},"author":2,"featured_media":0,"parent":6,"menu_order":3,"comment_status":"open","ping_status":"open","template":"","meta":[],"_links":{"self":[{"href":"http:\/\/www.skokreklama.pl\/index.php?rest_route=\/wp\/v2\/pages\/14"}],"collection":[{"href":"http:\/\/www.skokreklama.pl\/index.php?rest_route=\/wp\/v2\/pages"}],"about":[{"href":"http:\/\/www.skokreklama.pl\/index.php?rest_route=\/wp\/v2\/types\/page"}],"author":[{"embeddable":true,"href":"http:\/\/www.skokreklama.pl\/index.php?rest_route=\/wp\/v2\/users\/2"}],"replies":[{"embeddable":true,"href":"http:\/\/www.skokreklama.pl\/index.php?rest_route=%2Fwp%2Fv2%2Fcomments&post=14"}],"version-history":[{"count":5,"href":"http:\/\/www.skokreklama.pl\/index.php?rest_route=\/wp\/v2\/pages\/14\/revisions"}],"predecessor-version":[{"id":180,"href":"http:\/\/www.skokreklama.pl\/index.php?rest_route=\/wp\/v2\/pages\/14\/revisions\/180"}],"up":[{"embeddable":true,"href":"http:\/\/www.skokreklama.pl\/index.php?rest_route=\/wp\/v2\/pages\/6"}],"wp:attachment":[{"href":"http:\/\/www.skokreklama.pl\/index.php?rest_route=%2Fwp%2Fv2%2Fmedia&parent=14"}],"curies":[{"name":"wp","href":"https:\/\/api.w.org\/{rel}","templated":true}]}}