{"id":20,"date":"2011-12-14T23:47:27","date_gmt":"2011-12-14T23:47:27","guid":{"rendered":"http:\/\/skokreklama.pl\/wordpress\/?page_id=20"},"modified":"2012-02-08T13:05:30","modified_gmt":"2012-02-08T13:05:30","slug":"szyldy-tablice","status":"publish","type":"page","link":"http:\/\/www.skokreklama.pl\/?page_id=20","title":{"rendered":"Szyldy, tablice"},"content":{"rendered":"<h2>Tablice z blachy<\/h2>\n<p>Pod\u0142o\u017ce tablicy stanowi blacha ocynkowana 0,8 mm. Grafika w postaci naklejki drukowanej solventowo na folii monomerycznej lub w wersji wektorowej. W celu zabezpieczenia grafiki, wydruk mo\u017ce by\u0107 laminowany na mat lub b\u0142ysk.<\/p>\n<p class=\"cennik\"><a href=\"http:\/\/www.skokreklama.pl\/wordpress\/wp-content\/uploads\/2012\/02\/TABLICE_Z_BLACH1.pdf\">Zobacz CENNIK \u00bb\u00bb\u00bb<\/a><\/p>\n<p>W cenie wliczono:<br \/>\n&#8211; blacha ocynkowana, folia, wyklejanie.<br \/>\nMinimalne zam\u00f3wienia &#8211; 45 z\u0142 netto.<\/p>\n<h2>Tablice z PCV<\/h2>\n<p>Pod\u0142o\u017ce tablicy stanowi PCV. Grubo\u015b\u0107 tworzywa zale\u017cna jest od wielko\u015bci tablicy. Grafika w postaci naklejki drukowanej solventowo na folii monomerycznej lub w wersji wektorowej. W celu zabezpieczenia grafiki, wydruk mo\u017ce by\u0107 laminowany na mat lub b\u0142ysk.<\/p>\n<p class=\"cennik\"><a href=\"http:\/\/www.skokreklama.pl\/wordpress\/wp-content\/uploads\/2012\/02\/TABLICE-Z-PCV.pdf\" target=\"_blank\">Zobacz CENNIK \u00bb\u00bb\u00bb<\/a><\/p>\n<p>W cenie wliczono:<br \/>\n&#8211; PCV, folia, wyklejanie<br \/>\nMinimalne zam\u00f3wienia &#8211; 45 z\u0142 netto.<\/p>\n<h2>Tablice z PMMA<\/h2>\n<p>Pod\u0142o\u017ce tablicy stanowi Plexa bezbarwna lub OPAL. Grubo\u015b\u0107 tworzywa zale\u017cna jest od wielko\u015bci tablicy. Grafika w postaci naklejki drukowanej solventowo na folii monomerycznej lub w wersji wektorowej. W celu zabezpieczenia grafiki, wydruk mo\u017ce by\u0107 laminowany na mat lub b\u0142ysk.<\/p>\n<p class=\"cennik\"><a href=\"http:\/\/www.skokreklama.pl\/wordpress\/wp-content\/uploads\/2012\/02\/TABLICE-Z-PLEXY.pdf\" target=\"_blank\">Zobacz CENNIK \u00bb\u00bb\u00bb<\/a><\/p>\n<p>W cenie wliczono:<br \/>\n&#8211; PLEXA, folia, wyklejanie<br \/>\nMinimalne zam\u00f3wienia &#8211; 45 z\u0142 netto.<\/p>\n","protected":false},"excerpt":{"rendered":"<p>Tablice z blachy Pod\u0142o\u017ce tablicy stanowi blacha ocynkowana 0,8 mm. Grafika w postaci naklejki drukowanej solventowo na folii monomerycznej lub w wersji wektorowej. W celu zabezpieczenia grafiki, wydruk mo\u017ce by\u0107 laminowany na mat lub b\u0142ysk. Zobacz CENNIK \u00bb\u00bb\u00bb W cenie &hellip; <a href=\"http:\/\/www.skokreklama.pl\/?page_id=20\">Czytaj dalej <span class=\"meta-nav\">&rarr;<\/span><\/a><\/p>\n","protected":false},"author":2,"featured_media":0,"parent":18,"menu_order":1,"comment_status":"open","ping_status":"open","template":"","meta":[],"_links":{"self":[{"href":"http:\/\/www.skokreklama.pl\/index.php?rest_route=\/wp\/v2\/pages\/20"}],"collection":[{"href":"http:\/\/www.skokreklama.pl\/index.php?rest_route=\/wp\/v2\/pages"}],"about":[{"href":"http:\/\/www.skokreklama.pl\/index.php?rest_route=\/wp\/v2\/types\/page"}],"author":[{"embeddable":true,"href":"http:\/\/www.skokreklama.pl\/index.php?rest_route=\/wp\/v2\/users\/2"}],"replies":[{"embeddable":true,"href":"http:\/\/www.skokreklama.pl\/index.php?rest_route=%2Fwp%2Fv2%2Fcomments&post=20"}],"version-history":[{"count":11,"href":"http:\/\/www.skokreklama.pl\/index.php?rest_route=\/wp\/v2\/pages\/20\/revisions"}],"predecessor-version":[{"id":198,"href":"http:\/\/www.skokreklama.pl\/index.php?rest_route=\/wp\/v2\/pages\/20\/revisions\/198"}],"up":[{"embeddable":true,"href":"http:\/\/www.skokreklama.pl\/index.php?rest_route=\/wp\/v2\/pages\/18"}],"wp:attachment":[{"href":"http:\/\/www.skokreklama.pl\/index.php?rest_route=%2Fwp%2Fv2%2Fmedia&parent=20"}],"curies":[{"name":"wp","href":"https:\/\/api.w.org\/{rel}","templated":true}]}}