{"id":74,"date":"2011-12-16T15:58:46","date_gmt":"2011-12-16T15:58:46","guid":{"rendered":"http:\/\/skokreklama.pl\/wordpress\/?page_id=74"},"modified":"2012-01-04T16:18:08","modified_gmt":"2012-01-04T16:18:08","slug":"kasetony","status":"publish","type":"page","link":"http:\/\/www.skokreklama.pl\/?page_id=74","title":{"rendered":"Kasetony"},"content":{"rendered":"<p><strong class=\"red\">Kasetony reklamowe<\/strong><br \/>\nKasetony reklamowe s\u0105 jedn\u0105 z najbardziej skutecznych form reklamy wizualnej, dlatego te\u017c ciesz\u0105 si\u0119 spor\u0105 popularno\u015bci\u0105 w\u015br\u00f3d klient\u00f3w o ka\u017cdym profilu dzia\u0142alno\u015bci. Mog\u0105 zosta\u0107 wykonane na r\u00f3\u017cne sposoby:<\/p>\n<p><strong class=\"red\">Kaseton z dibondu<\/strong><br \/>\nKonstrukcja kasetonu mo\u017ce by\u0107 samono\u015bna lub na ramie aluminiowej. Pude\u0142ko wykonane jest z dibondu (materia\u0142u z\u0142o\u017conego z dw\u00f3ch warstw aluminium przedzielonego warstw\u0105 tworzywa sztucznego). Kaseton taki mo\u017ce mie\u0107 r\u00f3\u017cne kszta\u0142ty, a lico mo\u017ce by\u0107 \u0142\u0105czone prawie z ka\u017cdym materia\u0142em, np. plexi, styrodurem czy PCV. Grafika powstaje poprzez wyfrezowanie w p\u0142ycie p\u00f3l pod napis reklamowy, a nast\u0119pnie wklejeniu w tak powsta\u0142e miejsca PMMA. Ca\u0142o\u015b\u0107 kasetonu pod\u015bwietlone jest diodami LEDowymi.<\/p>\n<p><strong class=\"red\">Kaseton z profila aluminiowego<\/strong><br \/>\nKonstrukcja kasetonu sk\u0142ada si\u0119 z bocznych \u015bcianek wykonanych z profila aluminiowego o r\u00f3\u017cnej szeroko\u015bci (14, 16 cm). Szeroko\u015b\u0107 profila uzale\u017cniona jest od wielko\u015bci kasetonu. Na \u017cyczenie klienta boki kasetonu mog\u0105 by\u0107 pomalowane proszkowo na wybrany kolor wg palety RAL. Prz\u00f3d kasetonu stanowi PMMA wyklejone grafik\u0105 wektorow\u0105 z folii translucentnej z gotowej kolorystyki wg wzornika ORACAL 8500 lub wydrukiem solventowym na folii do pod\u015bwietle\u0144. Ty\u0142 kasetonu wykonany jest zazwyczaj z PCV. Wewn\u0105trz znajduje si\u0119 elektryka o\u015bwietleniowa (\u015bwietl\u00f3wki lub diody). Na \u017cyczenie klienta montujemy czujnik zmierzchowy. Kasetony z profila aluminiowego wykonujemy do 3 metr\u00f3w d\u0142ugo\u015bci.<\/p>\n<p><strong class=\"red\">Kaseton jednostronny<\/strong><br \/>\nGrafika reklamowa znajduje si\u0119 tylko po jednej stronie kasetonu.<\/p>\n<p><strong class=\"red\">Kaseton dwustronny (semafor)<\/strong><br \/>\nGrafika reklamowa znajduje si\u0119 po obu stronach kasetonu.<\/p>\n<p><strong class=\"red\">Kaseton napinany<\/strong><br \/>\nKonstrukcja kasetonu napinanego sk\u0142ada si\u0119 ze specjalnego aluminiowego systemu BLEED lub CLASSIC, na kt\u00f3rym napina si\u0119 materia\u0142 banerowy do pod\u015bwietle\u0144. Plecy kasetonu wykonane s\u0105 zazwyczaj z PCV. Lico kasetonu pod\u015bwietlone jest od wewn\u0105trz o\u015bwietleniem \u015bwietl\u00f3wkowym lub, coraz popularniejszym i trwalszym &#8211; LEDowym. Grafika, tak jak w przypadku kaseton\u00f3w z profila aluminiowego. Mo\u017ce by\u0107 wektorowa z gotowej kolorystyki wg wzornika ORACAL lub drukowana solventowo. Napi\u0119ty materia\u0142 na aluminiow\u0105 konstrukcj\u0119 wyko\u0144czony jest obr\u00f3bk\u0105 blacharsk\u0105, kt\u00f3r\u0105 mo\u017cemy pomalowa\u0107 proszkowo na wybrany kolor wg palety RAL. Kasetony napinane mo\u017cemy wykona\u0107 o d\u0142ugo\u015bci ponad 3 m. Ograniczeniem w d\u0142ugo\u015bci kasetonu jest praktycznie tylko transport.<\/p>\n","protected":false},"excerpt":{"rendered":"<p>Kasetony reklamowe Kasetony reklamowe s\u0105 jedn\u0105 z najbardziej skutecznych form reklamy wizualnej, dlatego te\u017c ciesz\u0105 si\u0119 spor\u0105 popularno\u015bci\u0105 w\u015br\u00f3d klient\u00f3w o ka\u017cdym profilu dzia\u0142alno\u015bci. Mog\u0105 zosta\u0107 wykonane na r\u00f3\u017cne sposoby: Kaseton z dibondu Konstrukcja kasetonu mo\u017ce by\u0107 samono\u015bna lub na &hellip; <a href=\"http:\/\/www.skokreklama.pl\/?page_id=74\">Czytaj dalej <span class=\"meta-nav\">&rarr;<\/span><\/a><\/p>\n","protected":false},"author":2,"featured_media":0,"parent":18,"menu_order":2,"comment_status":"open","ping_status":"open","template":"","meta":[],"_links":{"self":[{"href":"http:\/\/www.skokreklama.pl\/index.php?rest_route=\/wp\/v2\/pages\/74"}],"collection":[{"href":"http:\/\/www.skokreklama.pl\/index.php?rest_route=\/wp\/v2\/pages"}],"about":[{"href":"http:\/\/www.skokreklama.pl\/index.php?rest_route=\/wp\/v2\/types\/page"}],"author":[{"embeddable":true,"href":"http:\/\/www.skokreklama.pl\/index.php?rest_route=\/wp\/v2\/users\/2"}],"replies":[{"embeddable":true,"href":"http:\/\/www.skokreklama.pl\/index.php?rest_route=%2Fwp%2Fv2%2Fcomments&post=74"}],"version-history":[{"count":3,"href":"http:\/\/www.skokreklama.pl\/index.php?rest_route=\/wp\/v2\/pages\/74\/revisions"}],"predecessor-version":[{"id":185,"href":"http:\/\/www.skokreklama.pl\/index.php?rest_route=\/wp\/v2\/pages\/74\/revisions\/185"}],"up":[{"embeddable":true,"href":"http:\/\/www.skokreklama.pl\/index.php?rest_route=\/wp\/v2\/pages\/18"}],"wp:attachment":[{"href":"http:\/\/www.skokreklama.pl\/index.php?rest_route=%2Fwp%2Fv2%2Fmedia&parent=74"}],"curies":[{"name":"wp","href":"https:\/\/api.w.org\/{rel}","templated":true}]}}