{"id":76,"date":"2011-12-16T15:59:43","date_gmt":"2011-12-16T15:59:43","guid":{"rendered":"http:\/\/skokreklama.pl\/wordpress\/?page_id=76"},"modified":"2012-01-04T16:18:23","modified_gmt":"2012-01-04T16:18:23","slug":"wolnostojace-tablice-reklamowe","status":"publish","type":"page","link":"http:\/\/www.skokreklama.pl\/?page_id=76","title":{"rendered":"Wolnostoj\u0105ce Tablice Reklamowe"},"content":{"rendered":"<p><strong class=\"red\">Wolnostoj\u0105ce Tablice Reklamowe<\/strong><\/p>\n<p>Ten rodzaj tablic powszechnie okre\u015blany jest mianem bilboard. S\u0105 to tablice wykonane z paneli (bryt\u00f3w) blachy ocynkowanej. Panele mog\u0105 by\u0107 zgrzewane z ramami maskuj\u0105cymi lub mog\u0105 by\u0107 nitowane od czo\u0142a na zespawanej ramie. Tablice wyst\u0119puj\u0105 w wersji jedno lub dwustronnej. Grafika, tak jak w przypadku wszystkich tablic, mo\u017ce by\u0107 drukowana solventowo na folii monomerycznej lub wycinana z gotowej kolorystycznie folii ORACAL.<\/p>\n<p><a class=\"cenniki\" href=\"http:\/\/www.skokreklama.pl\/cenniki\/Wolnostojace_tablice_reklamowe.pdf\" target=\"_blank\">Zobacz CENNIK \u00bb\u00bb\u00bb<\/a><\/p>\n<p><strong>UWAGA:<\/strong><br \/>\nCeny zawieraj\u0105: tablice wyklejane foliami 641 ORACAL (grafika wektorowa) lub drukowana solventowo na folii.<br \/>\nW cenie nie uwzgl\u0119dniony jest transport i posadowienie reklamy.<br \/>\nWycena monta\u017cu po obejrzeniu miejsca jej posadowienia.<\/p>\n","protected":false},"excerpt":{"rendered":"<p>Wolnostoj\u0105ce Tablice Reklamowe Ten rodzaj tablic powszechnie okre\u015blany jest mianem bilboard. S\u0105 to tablice wykonane z paneli (bryt\u00f3w) blachy ocynkowanej. Panele mog\u0105 by\u0107 zgrzewane z ramami maskuj\u0105cymi lub mog\u0105 by\u0107 nitowane od czo\u0142a na zespawanej ramie. Tablice wyst\u0119puj\u0105 w wersji &hellip; <a href=\"http:\/\/www.skokreklama.pl\/?page_id=76\">Czytaj dalej <span class=\"meta-nav\">&rarr;<\/span><\/a><\/p>\n","protected":false},"author":2,"featured_media":0,"parent":18,"menu_order":3,"comment_status":"open","ping_status":"open","template":"","meta":[],"_links":{"self":[{"href":"http:\/\/www.skokreklama.pl\/index.php?rest_route=\/wp\/v2\/pages\/76"}],"collection":[{"href":"http:\/\/www.skokreklama.pl\/index.php?rest_route=\/wp\/v2\/pages"}],"about":[{"href":"http:\/\/www.skokreklama.pl\/index.php?rest_route=\/wp\/v2\/types\/page"}],"author":[{"embeddable":true,"href":"http:\/\/www.skokreklama.pl\/index.php?rest_route=\/wp\/v2\/users\/2"}],"replies":[{"embeddable":true,"href":"http:\/\/www.skokreklama.pl\/index.php?rest_route=%2Fwp%2Fv2%2Fcomments&post=76"}],"version-history":[{"count":9,"href":"http:\/\/www.skokreklama.pl\/index.php?rest_route=\/wp\/v2\/pages\/76\/revisions"}],"predecessor-version":[{"id":186,"href":"http:\/\/www.skokreklama.pl\/index.php?rest_route=\/wp\/v2\/pages\/76\/revisions\/186"}],"up":[{"embeddable":true,"href":"http:\/\/www.skokreklama.pl\/index.php?rest_route=\/wp\/v2\/pages\/18"}],"wp:attachment":[{"href":"http:\/\/www.skokreklama.pl\/index.php?rest_route=%2Fwp%2Fv2%2Fmedia&parent=76"}],"curies":[{"name":"wp","href":"https:\/\/api.w.org\/{rel}","templated":true}]}}