{"id":78,"date":"2011-12-16T16:00:57","date_gmt":"2011-12-16T16:00:57","guid":{"rendered":"http:\/\/skokreklama.pl\/wordpress\/?page_id=78"},"modified":"2012-01-04T16:18:40","modified_gmt":"2012-01-04T16:18:40","slug":"litery-przestrzenne","status":"publish","type":"page","link":"http:\/\/www.skokreklama.pl\/?page_id=78","title":{"rendered":"Litery przestrzenne"},"content":{"rendered":"<p><strong class=\"red\">Litery Przestrzenne<\/strong><\/p>\n<p>Litery przestrzenne (3D) to idealne narz\u0119dzie prezentacji firmy na przer\u00f3\u017cnych p\u0142aszczyznach. Mog\u0105 to by\u0107 elewacje budynku, wewn\u0119trzne \u015bciany biura czy zwyk\u0142e tablice i szyldy reklamowe. Zapewniamy technologi\u0119 gwarantuj\u0105c\u0105 doskona\u0142\u0105 jako\u015b\u0107 i trwa\u0142o\u015b\u0107, a jednocze\u015bnie zapewniaj\u0105c\u0105 dowolno\u015b\u0107 w u\u017cyciu kolor\u00f3w i kszta\u0142t\u00f3w.<\/p>\n<p>Rodzaje liter przestrzennych:<\/p>\n<p><strong class=\"red\">Litery ze styroduru<\/strong><br \/>\nStyrodur XPS (ekstrudowana pianka polistyrenowa) to ekologiczny, lekki, sztywny materia\u0142 u\u017cywany w budownictwie do termoizolacji, kt\u00f3ry \u015bwietnie sprawdza si\u0119 w reklamie przestrzennej. Litery mog\u0105 by\u0107 wykonane z r\u00f3\u017cnej grubo\u015bci materia\u0142u od 3 do12 cm. Mog\u0105 zosta\u0107 pomalowane farbami akrylowymi wg dost\u0119pnej na rynku kolorystyki. Dodatkowo litery mog\u0105 posiada\u0107 lica z PCV oklejone foli\u0105 wg kolorystyki ORACAL lub lica z PMMA.<\/p>\n<p><a class=\"cenniki\" href=\"http:\/\/www.skokreklama.pl\/cenniki\/LITERY_ZE_STYRODURU.pdf\" target=\"_blank\">Zobacz CENNIK \u00bb\u00bb\u00bb<\/a><\/p>\n<p><strong class=\"red\">Litery \u015bwietlne<\/strong><br \/>\nTechnologia wykonania litery jest uzale\u017cniona od efektu \u015bwietlnego jaki chcemy uzyska\u0107. Mo\u017cna pod\u015bwietli\u0107 lico litery, jej boki lub pod\u015bwietli\u0107 liter\u0119 od ty\u0142u. Boki liter wykonane s\u0105 zazwyczaj z PCV, PMMA ,blachy kwasoodpornej lub ta\u015bmy aluminiowej, posiadaj\u0105 lica z PMMA lub innych materia\u0142\u00f3w przepuszczaj\u0105cych \u015bwiat\u0142o, kt\u00f3re mog\u0105 by\u0107 wyklejone foli\u0105 do pod\u015bwietle\u0144 wg kolorystyki ORACAL. Je\u015bli litera ma \u015bwieci\u0107 ca\u0142a w\u00f3wczas o\u015bwietlenie umieszczane jest wewn\u0105trz litery, je\u015bli natomiast litera ma by\u0107 tylko pod\u015bwietlona, w\u00f3wczas modu\u0142y LED umieszczamy na plecach litery.<\/p>\n<p>Ze wzgl\u0119du na r\u00f3\u017cnorodno\u015b\u0107 mo\u017cliwo\u015bci wykonania liter &#8211; wycena indywidualna.<\/p>\n","protected":false},"excerpt":{"rendered":"<p>Litery Przestrzenne Litery przestrzenne (3D) to idealne narz\u0119dzie prezentacji firmy na przer\u00f3\u017cnych p\u0142aszczyznach. Mog\u0105 to by\u0107 elewacje budynku, wewn\u0119trzne \u015bciany biura czy zwyk\u0142e tablice i szyldy reklamowe. Zapewniamy technologi\u0119 gwarantuj\u0105c\u0105 doskona\u0142\u0105 jako\u015b\u0107 i trwa\u0142o\u015b\u0107, a jednocze\u015bnie zapewniaj\u0105c\u0105 dowolno\u015b\u0107 w u\u017cyciu &hellip; <a href=\"http:\/\/www.skokreklama.pl\/?page_id=78\">Czytaj dalej <span class=\"meta-nav\">&rarr;<\/span><\/a><\/p>\n","protected":false},"author":2,"featured_media":0,"parent":18,"menu_order":4,"comment_status":"open","ping_status":"open","template":"","meta":[],"_links":{"self":[{"href":"http:\/\/www.skokreklama.pl\/index.php?rest_route=\/wp\/v2\/pages\/78"}],"collection":[{"href":"http:\/\/www.skokreklama.pl\/index.php?rest_route=\/wp\/v2\/pages"}],"about":[{"href":"http:\/\/www.skokreklama.pl\/index.php?rest_route=\/wp\/v2\/types\/page"}],"author":[{"embeddable":true,"href":"http:\/\/www.skokreklama.pl\/index.php?rest_route=\/wp\/v2\/users\/2"}],"replies":[{"embeddable":true,"href":"http:\/\/www.skokreklama.pl\/index.php?rest_route=%2Fwp%2Fv2%2Fcomments&post=78"}],"version-history":[{"count":4,"href":"http:\/\/www.skokreklama.pl\/index.php?rest_route=\/wp\/v2\/pages\/78\/revisions"}],"predecessor-version":[{"id":187,"href":"http:\/\/www.skokreklama.pl\/index.php?rest_route=\/wp\/v2\/pages\/78\/revisions\/187"}],"up":[{"embeddable":true,"href":"http:\/\/www.skokreklama.pl\/index.php?rest_route=\/wp\/v2\/pages\/18"}],"wp:attachment":[{"href":"http:\/\/www.skokreklama.pl\/index.php?rest_route=%2Fwp%2Fv2%2Fmedia&parent=78"}],"curies":[{"name":"wp","href":"https:\/\/api.w.org\/{rel}","templated":true}]}}