{"id":8,"date":"2011-12-14T23:36:25","date_gmt":"2011-12-14T23:36:25","guid":{"rendered":"http:\/\/skokreklama.pl\/wordpress\/?page_id=8"},"modified":"2012-02-23T14:04:05","modified_gmt":"2012-02-23T14:04:05","slug":"druk-wielkoformatowy","status":"publish","type":"page","link":"http:\/\/www.skokreklama.pl\/?page_id=8","title":{"rendered":"Druk wielkoformatowy"},"content":{"rendered":"<p><strong class=\"red\">Druk wielkoformatowy<\/strong><br \/>\nTo technologia u\u017cywana do produkcji form drukowanych na materiale banerowym, folii i papierze. Cech\u0105 charakterystyczn\u0105 jest du\u017ca powierzchnia zadruku. Druki wielkoformatowe posiadaj\u0105 szeroki wachlarz mo\u017cliwo\u015bci wyko\u0144czenia w postaci laminowania, oczkowania (u\u0142atwia powieszenie baneru), zgrzewania, naklejania na piank\u0119, oprawiania w ramki aluminiowe, naklejania na PCV lub PMMA.<\/p>\n<p><strong class=\"red\">Druk solventowy<\/strong><br \/>\nTo druk z wykorzystaniem specjalnych tuszy wyprodukowanych w oparciu o rozpuszczalniki organiczne. Technologia ta sprawia, i\u017c wydruk jest trwa\u0142y i odporny na dzia\u0142anie niekorzystnych warunk\u00f3w atmosferycznych.<\/p>\n<p><strong>DRUK PE\u0141NOKOLOROWY DO ZASTOSOWA\u0143 ZEWN\u0118TRZNYCH<\/strong><\/p>\n<p><strong>Cennik druku solventowego z no\u015bnikiem<\/strong><br \/>\n<a href=\"http:\/\/skokreklama.pl\/cenniki\/DRUK_PELNOKOLOROWY_DO_ZASTOSOWAN_ZEWNETRZNYCH.pdf\" target=\"_blank\">Zobacz CENNIK \u00bb\u00bb\u00bb<\/a><\/p>\n<p><strong class=\"red\">Druk atramentowy<\/strong><\/p>\n<p>To druk dedykowany pracom eksponowanym we wn\u0119trzach pomieszcze\u0144, gdy\u017c nie musi by\u0107 on tak odporny na warunki atmosferyczne, a jednocze\u015bnie daje wi\u0119ksz\u0105 dok\u0142adno\u015b\u0107 obrazu co jest jego ogromn\u0105 zalet\u0105.<\/p>\n<p><strong>DRUK PE\u0141NOKOLOROWY DO ZASTOSOWA\u0143 WEWN\u0118TRZNYCH<\/strong><\/p>\n<p><strong>Cennik druku atramentowego z no\u015bnikiem<\/strong><br \/>\n<a href=\"http:\/\/skokreklama.pl\/cenniki\/DRUK_PELNOKOLOROWY_DO_ZASTOSOWAN_WEWNETRZNYCH.pdf\" target=\"_blank\">Zobacz CENNIK \u00bb\u00bb\u00bb<\/a><\/p>\n","protected":false},"excerpt":{"rendered":"<p>Druk wielkoformatowy To technologia u\u017cywana do produkcji form drukowanych na materiale banerowym, folii i papierze. Cech\u0105 charakterystyczn\u0105 jest du\u017ca powierzchnia zadruku. Druki wielkoformatowe posiadaj\u0105 szeroki wachlarz mo\u017cliwo\u015bci wyko\u0144czenia w postaci laminowania, oczkowania (u\u0142atwia powieszenie baneru), zgrzewania, naklejania na piank\u0119, oprawiania &hellip; <a href=\"http:\/\/www.skokreklama.pl\/?page_id=8\">Czytaj dalej <span class=\"meta-nav\">&rarr;<\/span><\/a><\/p>\n","protected":false},"author":2,"featured_media":0,"parent":6,"menu_order":1,"comment_status":"open","ping_status":"open","template":"","meta":[],"_links":{"self":[{"href":"http:\/\/www.skokreklama.pl\/index.php?rest_route=\/wp\/v2\/pages\/8"}],"collection":[{"href":"http:\/\/www.skokreklama.pl\/index.php?rest_route=\/wp\/v2\/pages"}],"about":[{"href":"http:\/\/www.skokreklama.pl\/index.php?rest_route=\/wp\/v2\/types\/page"}],"author":[{"embeddable":true,"href":"http:\/\/www.skokreklama.pl\/index.php?rest_route=\/wp\/v2\/users\/2"}],"replies":[{"embeddable":true,"href":"http:\/\/www.skokreklama.pl\/index.php?rest_route=%2Fwp%2Fv2%2Fcomments&post=8"}],"version-history":[{"count":14,"href":"http:\/\/www.skokreklama.pl\/index.php?rest_route=\/wp\/v2\/pages\/8\/revisions"}],"predecessor-version":[{"id":59,"href":"http:\/\/www.skokreklama.pl\/index.php?rest_route=\/wp\/v2\/pages\/8\/revisions\/59"}],"up":[{"embeddable":true,"href":"http:\/\/www.skokreklama.pl\/index.php?rest_route=\/wp\/v2\/pages\/6"}],"wp:attachment":[{"href":"http:\/\/www.skokreklama.pl\/index.php?rest_route=%2Fwp%2Fv2%2Fmedia&parent=8"}],"curies":[{"name":"wp","href":"https:\/\/api.w.org\/{rel}","templated":true}]}}