{"id":80,"date":"2011-12-16T16:01:48","date_gmt":"2011-12-16T16:01:48","guid":{"rendered":"http:\/\/skokreklama.pl\/wordpress\/?page_id=80"},"modified":"2012-01-04T16:19:00","modified_gmt":"2012-01-04T16:19:00","slug":"stojaki-reklamowe","status":"publish","type":"page","link":"http:\/\/www.skokreklama.pl\/?page_id=80","title":{"rendered":"Stojaki reklamowe"},"content":{"rendered":"<p><strong class=\"red\">Stojaki reklamowe (Potykacze)<\/strong><\/p>\n<p>To do\u015b\u0107 popularna forma przedstawienia oferty firmy lub promocji produktu. Prosta konstrukcja wykonana z trwa\u0142ego materia\u0142u typu PCV, aluminium czy stali pozwala na postawienie stojaka wewn\u0105trz jak i na zewn\u0105trz pomieszczenia. Potykacze wykonujemy w r\u00f3\u017cnych rozmiarach z uwzgl\u0119dnieniem oczekiwa\u0144 klienta.<\/p>\n","protected":false},"excerpt":{"rendered":"<p>Stojaki reklamowe (Potykacze) To do\u015b\u0107 popularna forma przedstawienia oferty firmy lub promocji produktu. Prosta konstrukcja wykonana z trwa\u0142ego materia\u0142u typu PCV, aluminium czy stali pozwala na postawienie stojaka wewn\u0105trz jak i na zewn\u0105trz pomieszczenia. Potykacze wykonujemy w r\u00f3\u017cnych rozmiarach z &hellip; <a href=\"http:\/\/www.skokreklama.pl\/?page_id=80\">Czytaj dalej <span class=\"meta-nav\">&rarr;<\/span><\/a><\/p>\n","protected":false},"author":2,"featured_media":0,"parent":18,"menu_order":5,"comment_status":"open","ping_status":"open","template":"","meta":[],"_links":{"self":[{"href":"http:\/\/www.skokreklama.pl\/index.php?rest_route=\/wp\/v2\/pages\/80"}],"collection":[{"href":"http:\/\/www.skokreklama.pl\/index.php?rest_route=\/wp\/v2\/pages"}],"about":[{"href":"http:\/\/www.skokreklama.pl\/index.php?rest_route=\/wp\/v2\/types\/page"}],"author":[{"embeddable":true,"href":"http:\/\/www.skokreklama.pl\/index.php?rest_route=\/wp\/v2\/users\/2"}],"replies":[{"embeddable":true,"href":"http:\/\/www.skokreklama.pl\/index.php?rest_route=%2Fwp%2Fv2%2Fcomments&post=80"}],"version-history":[{"count":3,"href":"http:\/\/www.skokreklama.pl\/index.php?rest_route=\/wp\/v2\/pages\/80\/revisions"}],"predecessor-version":[{"id":188,"href":"http:\/\/www.skokreklama.pl\/index.php?rest_route=\/wp\/v2\/pages\/80\/revisions\/188"}],"up":[{"embeddable":true,"href":"http:\/\/www.skokreklama.pl\/index.php?rest_route=\/wp\/v2\/pages\/18"}],"wp:attachment":[{"href":"http:\/\/www.skokreklama.pl\/index.php?rest_route=%2Fwp%2Fv2%2Fmedia&parent=80"}],"curies":[{"name":"wp","href":"https:\/\/api.w.org\/{rel}","templated":true}]}}