{"id":91,"date":"2011-12-16T16:09:02","date_gmt":"2011-12-16T16:09:02","guid":{"rendered":"http:\/\/skokreklama.pl\/wordpress\/?page_id=91"},"modified":"2012-01-04T16:19:27","modified_gmt":"2012-01-04T16:19:27","slug":"wycinanie-i-wyklejanie-folii","status":"publish","type":"page","link":"http:\/\/www.skokreklama.pl\/?page_id=91","title":{"rendered":"Wycinanie i wyklejanie folii"},"content":{"rendered":"<p><strong class=\"red\">Us\u0142ugi reklamowe<\/strong><\/p>\n<p>Poza kompleksow\u0105 obs\u0142ug\u0105 zam\u00f3wie\u0144 oferujemy r\u00f3wnie\u017c poszczeg\u00f3lne us\u0142ugi. Takie jak: grafika na folii, pozycjonowanie \/ ci\u0119cie ploterem, wyklejanie szyb, czy wyklejanie samochod\u00f3w.<\/p>\n<p><strong>Wycinanie i wyklejanie folii<\/strong><\/p>\n<p><a class=\"cenniki\" href=\"http:\/\/www.skokreklama.pl\/cenniki\/wyklejanie_folii.pdf\" target=\"_blank\">Zobacz CENNIK \u00bb\u00bb\u00bb<\/a><\/p>\n","protected":false},"excerpt":{"rendered":"<p>Us\u0142ugi reklamowe Poza kompleksow\u0105 obs\u0142ug\u0105 zam\u00f3wie\u0144 oferujemy r\u00f3wnie\u017c poszczeg\u00f3lne us\u0142ugi. Takie jak: grafika na folii, pozycjonowanie \/ ci\u0119cie ploterem, wyklejanie szyb, czy wyklejanie samochod\u00f3w. Wycinanie i wyklejanie folii Zobacz CENNIK \u00bb\u00bb\u00bb<\/p>\n","protected":false},"author":2,"featured_media":0,"parent":88,"menu_order":1,"comment_status":"open","ping_status":"open","template":"","meta":[],"_links":{"self":[{"href":"http:\/\/www.skokreklama.pl\/index.php?rest_route=\/wp\/v2\/pages\/91"}],"collection":[{"href":"http:\/\/www.skokreklama.pl\/index.php?rest_route=\/wp\/v2\/pages"}],"about":[{"href":"http:\/\/www.skokreklama.pl\/index.php?rest_route=\/wp\/v2\/types\/page"}],"author":[{"embeddable":true,"href":"http:\/\/www.skokreklama.pl\/index.php?rest_route=\/wp\/v2\/users\/2"}],"replies":[{"embeddable":true,"href":"http:\/\/www.skokreklama.pl\/index.php?rest_route=%2Fwp%2Fv2%2Fcomments&post=91"}],"version-history":[{"count":12,"href":"http:\/\/www.skokreklama.pl\/index.php?rest_route=\/wp\/v2\/pages\/91\/revisions"}],"predecessor-version":[{"id":189,"href":"http:\/\/www.skokreklama.pl\/index.php?rest_route=\/wp\/v2\/pages\/91\/revisions\/189"}],"up":[{"embeddable":true,"href":"http:\/\/www.skokreklama.pl\/index.php?rest_route=\/wp\/v2\/pages\/88"}],"wp:attachment":[{"href":"http:\/\/www.skokreklama.pl\/index.php?rest_route=%2Fwp%2Fv2%2Fmedia&parent=91"}],"curies":[{"name":"wp","href":"https:\/\/api.w.org\/{rel}","templated":true}]}}