{"id":93,"date":"2011-12-16T16:09:54","date_gmt":"2011-12-16T16:09:54","guid":{"rendered":"http:\/\/skokreklama.pl\/wordpress\/?page_id=93"},"modified":"2012-01-04T16:19:45","modified_gmt":"2012-01-04T16:19:45","slug":"laminowanie","status":"publish","type":"page","link":"http:\/\/www.skokreklama.pl\/?page_id=93","title":{"rendered":"Laminowanie"},"content":{"rendered":"<p><strong class=\"red\">Us\u0142ugi reklamowe<\/strong><\/p>\n<p>Poza kompleksow\u0105 obs\u0142ug\u0105 zam\u00f3wie\u0144 oferujemy r\u00f3wnie\u017c poszczeg\u00f3lne us\u0142ugi, takie jak: grafika na folii, pozycjonowanie\/ ci\u0119cie ploterem, wyklejanie szyb, wyklejanie samochod\u00f3w czy laminowanie.<\/p>\n<p><strong>Laminowanie<\/strong><\/p>\n<p><a class=\"cenniki\" href=\"http:\/\/www.skokreklama.pl\/cenniki\/Cennik_Laminatu_z_usluga.pdf\" target=\"_blank\">Zobacz CENNIK \u00bb\u00bb\u00bb<\/a><\/p>\n","protected":false},"excerpt":{"rendered":"<p>Us\u0142ugi reklamowe Poza kompleksow\u0105 obs\u0142ug\u0105 zam\u00f3wie\u0144 oferujemy r\u00f3wnie\u017c poszczeg\u00f3lne us\u0142ugi, takie jak: grafika na folii, pozycjonowanie\/ ci\u0119cie ploterem, wyklejanie szyb, wyklejanie samochod\u00f3w czy laminowanie. Laminowanie Zobacz CENNIK \u00bb\u00bb\u00bb<\/p>\n","protected":false},"author":2,"featured_media":0,"parent":88,"menu_order":2,"comment_status":"open","ping_status":"open","template":"","meta":[],"_links":{"self":[{"href":"http:\/\/www.skokreklama.pl\/index.php?rest_route=\/wp\/v2\/pages\/93"}],"collection":[{"href":"http:\/\/www.skokreklama.pl\/index.php?rest_route=\/wp\/v2\/pages"}],"about":[{"href":"http:\/\/www.skokreklama.pl\/index.php?rest_route=\/wp\/v2\/types\/page"}],"author":[{"embeddable":true,"href":"http:\/\/www.skokreklama.pl\/index.php?rest_route=\/wp\/v2\/users\/2"}],"replies":[{"embeddable":true,"href":"http:\/\/www.skokreklama.pl\/index.php?rest_route=%2Fwp%2Fv2%2Fcomments&post=93"}],"version-history":[{"count":5,"href":"http:\/\/www.skokreklama.pl\/index.php?rest_route=\/wp\/v2\/pages\/93\/revisions"}],"predecessor-version":[{"id":190,"href":"http:\/\/www.skokreklama.pl\/index.php?rest_route=\/wp\/v2\/pages\/93\/revisions\/190"}],"up":[{"embeddable":true,"href":"http:\/\/www.skokreklama.pl\/index.php?rest_route=\/wp\/v2\/pages\/88"}],"wp:attachment":[{"href":"http:\/\/www.skokreklama.pl\/index.php?rest_route=%2Fwp%2Fv2%2Fmedia&parent=93"}],"curies":[{"name":"wp","href":"https:\/\/api.w.org\/{rel}","templated":true}]}}