{"id":95,"date":"2011-12-16T16:10:42","date_gmt":"2011-12-16T16:10:42","guid":{"rendered":"http:\/\/skokreklama.pl\/wordpress\/?page_id=95"},"modified":"2012-01-04T16:19:59","modified_gmt":"2012-01-04T16:19:59","slug":"opracowania-i-projekty-graficzne","status":"publish","type":"page","link":"http:\/\/www.skokreklama.pl\/?page_id=95","title":{"rendered":"Opracowania i projekty graficzne"},"content":{"rendered":"<p><strong>Opracowania i projekty graficzne<\/strong><\/p>\n<p>W naszej bogatej ofercie znajduje si\u0119 r\u00f3wnie\u017c us\u0142uga projektowania graficznego. Nasi kreatywni graficy zajmuj\u0105 si\u0119 opracowaniem materia\u0142\u00f3w z zakresu komunikacji wizualnej, identyfikacji wizualnej, sk\u0142ad\u00f3w do druku oraz fotografii.<\/p>\n<p>1 h pracy grafika \u2013 60 z\u0142 netto.<\/p>\n","protected":false},"excerpt":{"rendered":"<p>Opracowania i projekty graficzne W naszej bogatej ofercie znajduje si\u0119 r\u00f3wnie\u017c us\u0142uga projektowania graficznego. Nasi kreatywni graficy zajmuj\u0105 si\u0119 opracowaniem materia\u0142\u00f3w z zakresu komunikacji wizualnej, identyfikacji wizualnej, sk\u0142ad\u00f3w do druku oraz fotografii. 1 h pracy grafika \u2013 60 z\u0142 netto.<\/p>\n","protected":false},"author":2,"featured_media":0,"parent":88,"menu_order":3,"comment_status":"open","ping_status":"open","template":"","meta":[],"_links":{"self":[{"href":"http:\/\/www.skokreklama.pl\/index.php?rest_route=\/wp\/v2\/pages\/95"}],"collection":[{"href":"http:\/\/www.skokreklama.pl\/index.php?rest_route=\/wp\/v2\/pages"}],"about":[{"href":"http:\/\/www.skokreklama.pl\/index.php?rest_route=\/wp\/v2\/types\/page"}],"author":[{"embeddable":true,"href":"http:\/\/www.skokreklama.pl\/index.php?rest_route=\/wp\/v2\/users\/2"}],"replies":[{"embeddable":true,"href":"http:\/\/www.skokreklama.pl\/index.php?rest_route=%2Fwp%2Fv2%2Fcomments&post=95"}],"version-history":[{"count":2,"href":"http:\/\/www.skokreklama.pl\/index.php?rest_route=\/wp\/v2\/pages\/95\/revisions"}],"predecessor-version":[{"id":191,"href":"http:\/\/www.skokreklama.pl\/index.php?rest_route=\/wp\/v2\/pages\/95\/revisions\/191"}],"up":[{"embeddable":true,"href":"http:\/\/www.skokreklama.pl\/index.php?rest_route=\/wp\/v2\/pages\/88"}],"wp:attachment":[{"href":"http:\/\/www.skokreklama.pl\/index.php?rest_route=%2Fwp%2Fv2%2Fmedia&parent=95"}],"curies":[{"name":"wp","href":"https:\/\/api.w.org\/{rel}","templated":true}]}}